{"id":2319,"date":"2024-02-27T13:03:44","date_gmt":"2024-02-27T13:03:44","guid":{"rendered":"https:\/\/ristorante-dalivio.de\/?page_id=2319"},"modified":"2024-02-27T13:10:04","modified_gmt":"2024-02-27T13:10:04","slug":"cookie-einstellungen","status":"publish","type":"page","link":"https:\/\/ristorante-dalivio.de\/it\/cookie-einstellungen\/","title":{"rendered":"Cookie Einstellungen"},"content":{"rendered":"<section class=\"l-section wpb_row height_medium\"><div class=\"l-section-h i-cf\"><div class=\"g-cols vc_row via_grid cols_3 laptops-cols_inherit tablets-cols_inherit mobiles-cols_1 valign_top type_default stacking_default\"><div class=\"wpb_column vc_column_container\"><div class=\"vc_column-inner\"><div class=\"wpb_text_column\"><div class=\"wpb_wrapper\"><p>[rcb-consent type=&#8220;change&#8220; tag=&#8220;a&#8220; text=&#8220;Privatsph\u00e4re-Einstellungen \u00e4ndern&#8220;]<\/p>\n<\/div><\/div><\/div><\/div><div class=\"wpb_column vc_column_container\"><div class=\"vc_column-inner\"><div class=\"wpb_text_column\"><div class=\"wpb_wrapper\"><p>[rcb-consent type=&#8220;history&#8220; tag=&#8220;a&#8220; text=&#8220;Historie der Privatsph\u00e4re-Einstellungen&#8220;]<\/p>\n<\/div><\/div><\/div><\/div><div class=\"wpb_column vc_column_container\"><div class=\"vc_column-inner\"><div class=\"wpb_text_column\"><div class=\"wpb_wrapper\"><p>[rcb-consent type=&#8220;revoke&#8220; tag=&#8220;a&#8220; text=&#8220;Einwilligungen widerrufen&#8220; successmessage=&#8220;Du hast die Einwilligung f\u00fcr Services mit dessen Cookies und Verarbeitung personenbezogener Daten erfolgreich widerrufen. Die Seite wird jetzt neu geladen!&#8220;]<\/p>\n<\/div><\/div><\/div><\/div><\/div><\/div><\/section>\n","protected":false},"excerpt":{"rendered":"[rcb-consent type=&#8220;change&#8220; tag=&#8220;a&#8220; text=&#8220;Privatsph\u00e4re-Einstellungen \u00e4ndern&#8220;] [rcb-consent type=&#8220;history&#8220; tag=&#8220;a&#8220; text=&#8220;Historie der Privatsph\u00e4re-Einstellungen&#8220;] [rcb-consent type=&#8220;revoke&#8220; tag=&#8220;a&#8220; text=&#8220;Einwilligungen widerrufen&#8220; successmessage=&#8220;Du hast die Einwilligung f\u00fcr Services mit dessen Cookies und Verarbeitung personenbezogener Daten erfolgreich widerrufen. Die Seite wird jetzt neu geladen!&#8220;]","protected":false},"author":1,"featured_media":0,"parent":0,"menu_order":0,"comment_status":"closed","ping_status":"closed","template":"","meta":{"footnotes":""},"class_list":["post-2319","page","type-page","status-publish","hentry"],"aioseo_notices":[],"_links":{"self":[{"href":"https:\/\/ristorante-dalivio.de\/it\/wp-json\/wp\/v2\/pages\/2319","targetHints":{"allow":["GET"]}}],"collection":[{"href":"https:\/\/ristorante-dalivio.de\/it\/wp-json\/wp\/v2\/pages"}],"about":[{"href":"https:\/\/ristorante-dalivio.de\/it\/wp-json\/wp\/v2\/types\/page"}],"author":[{"embeddable":true,"href":"https:\/\/ristorante-dalivio.de\/it\/wp-json\/wp\/v2\/users\/1"}],"replies":[{"embeddable":true,"href":"https:\/\/ristorante-dalivio.de\/it\/wp-json\/wp\/v2\/comments?post=2319"}],"version-history":[{"count":3,"href":"https:\/\/ristorante-dalivio.de\/it\/wp-json\/wp\/v2\/pages\/2319\/revisions"}],"predecessor-version":[{"id":2322,"href":"https:\/\/ristorante-dalivio.de\/it\/wp-json\/wp\/v2\/pages\/2319\/revisions\/2322"}],"wp:attachment":[{"href":"https:\/\/ristorante-dalivio.de\/it\/wp-json\/wp\/v2\/media?parent=2319"}],"curies":[{"name":"wp","href":"https:\/\/api.w.org\/{rel}","templated":true}]}}