{"id":1915,"date":"2016-02-15T15:56:53","date_gmt":"2016-02-15T15:56:53","guid":{"rendered":"http:\/\/impreza6.us-themes.com\/?page_id=7"},"modified":"2026-03-25T10:40:51","modified_gmt":"2026-03-25T10:40:51","slug":"about","status":"publish","type":"page","link":"https:\/\/ristorante-dalivio.de\/it\/about\/","title":{"rendered":"\u00dcber uns"},"content":{"rendered":"<section class=\"l-section wpb_row height_medium\"><div class=\"l-section-h i-cf\"><div class=\"g-cols vc_row via_grid cols_1 laptops-cols_inherit tablets-cols_inherit mobiles-cols_1 valign_top type_default stacking_default\"><div class=\"wpb_column vc_column_container\"><div class=\"vc_column-inner\"><div class=\"wpb_text_column us_custom_3d6bfe27\"><div class=\"wpb_wrapper\"><p style=\"text-align: center;\">In unserem Restaurant<\/p>\n<p style=\"text-align: center;\">Finden Sie nur echte italienische K\u00fcche<\/p>\n<p style=\"text-align: center;\">Frischer Fisch zum Genie\u00dfen<\/p>\n<p style=\"text-align: center;\">Wir setzen die kulinarische Tradition des S\u00fcdens fort.<\/p>\n<p style=\"text-align: center;\">Mit Verf\u00fcgbarkeit &amp; Zuverl\u00e4ssigkeit unseres Teams<\/p>\n<\/div><\/div><div class=\"w-separator size_medium with_line width_default thick_3 style_solid color_border align_center\"><div class=\"w-separator-h\"><\/div><\/div><div class=\"w-html\"><script src=\"https:\/\/cloud.ccm19.de\/app.js?apiKey=f1ac5297e51b10afd6275a7a4f15e661b283ec9cf5087ef3&amp;domain=69c3b9e1de4ce068550495b2\" referrerpolicy=\"origin\"><\/script><\/div><\/div><\/div><\/div><\/div><\/section>","protected":false},"excerpt":{"rendered":"In unserem Restaurant Finden Sie nur echte italienische K\u00fcche Frischer Fisch zum Genie\u00dfen Wir setzen die kulinarische Tradition des S\u00fcdens fort. Mit Verf\u00fcgbarkeit &amp; Zuverl\u00e4ssigkeit unseres Teams","protected":false},"author":1,"featured_media":2124,"parent":0,"menu_order":0,"comment_status":"closed","ping_status":"closed","template":"","meta":{"footnotes":""},"class_list":["post-1915","page","type-page","status-publish","has-post-thumbnail","hentry"],"aioseo_notices":[],"_links":{"self":[{"href":"https:\/\/ristorante-dalivio.de\/it\/wp-json\/wp\/v2\/pages\/1915","targetHints":{"allow":["GET"]}}],"collection":[{"href":"https:\/\/ristorante-dalivio.de\/it\/wp-json\/wp\/v2\/pages"}],"about":[{"href":"https:\/\/ristorante-dalivio.de\/it\/wp-json\/wp\/v2\/types\/page"}],"author":[{"embeddable":true,"href":"https:\/\/ristorante-dalivio.de\/it\/wp-json\/wp\/v2\/users\/1"}],"replies":[{"embeddable":true,"href":"https:\/\/ristorante-dalivio.de\/it\/wp-json\/wp\/v2\/comments?post=1915"}],"version-history":[{"count":16,"href":"https:\/\/ristorante-dalivio.de\/it\/wp-json\/wp\/v2\/pages\/1915\/revisions"}],"predecessor-version":[{"id":2770,"href":"https:\/\/ristorante-dalivio.de\/it\/wp-json\/wp\/v2\/pages\/1915\/revisions\/2770"}],"wp:featuredmedia":[{"embeddable":true,"href":"https:\/\/ristorante-dalivio.de\/it\/wp-json\/wp\/v2\/media\/2124"}],"wp:attachment":[{"href":"https:\/\/ristorante-dalivio.de\/it\/wp-json\/wp\/v2\/media?parent=1915"}],"curies":[{"name":"wp","href":"https:\/\/api.w.org\/{rel}","templated":true}]}}