{"id":1807,"date":"2019-07-30T11:25:44","date_gmt":"2019-07-30T11:25:44","guid":{"rendered":"http:\/\/impreza6.us-themes.com\/?page_id=1807"},"modified":"2026-03-30T09:56:54","modified_gmt":"2026-03-30T09:56:54","slug":"home","status":"publish","type":"page","link":"https:\/\/ristorante-dalivio.de\/it\/","title":{"rendered":"Home"},"content":{"rendered":"<section class=\"l-section wpb_row height_medium full_height valign_center color_primary with_img parallax_ver\"><div class=\"l-section-img\" role=\"img\" aria-label=\"Immagine\" data-img-width=\"1920\" data-img-height=\"1280\" style=\"background-image: url(https:\/\/ristorante-dalivio.de\/wp-content\/uploads\/2023\/12\/pizza-2810589_1920.jpg);\"><\/div><div class=\"l-section-overlay\" style=\"background:rgba(0,0,0,0.55)\"><\/div><div class=\"l-section-h i-cf\"><div class=\"g-cols vc_row via_grid cols_2-1 laptops-cols_inherit tablets-cols_inherit mobiles-cols_1 valign_top type_default stacking_default\"><div class=\"wpb_column vc_column_container\"><div class=\"vc_column-inner\"><h1 class=\"w-text us_custom_07b7c9ee\"><span class=\"w-text-h\"><span class=\"w-text-value\">Ristorante Da Livio<\/span><\/span><\/h1><h2 class=\"w-text us_custom_0bbaf44e\"><span class=\"w-text-h\"><span class=\"w-text-value\">Ihr italienisches Ristorante im Herzen von Wolnzach<\/span><\/span><\/h2><div class=\"w-separator size_small\"><\/div><div class=\"w-tabs layout_hor style_radio switch_click remove_indents\" style=\"--sections-title-size:1.5rem\" data-accordion-at-width=\"1024\"><div class=\"w-tabs-list items_3 align_none\" style=\"font-family:var(--h1-font-family);\"><div class=\"w-tabs-list-h\"><button class=\"w-tabs-item active\" aria-controls=\"content-fbe7\" aria-expanded=\"false\"><span class=\"w-tabs-item-title\">Infos<\/span><\/button><button class=\"w-tabs-item\" aria-controls=\"content-aa1a\" aria-expanded=\"false\"><span class=\"w-tabs-item-title\">Events<\/span><\/button><button class=\"w-tabs-item\" aria-controls=\"content-mec2\" aria-expanded=\"false\"><span class=\"w-tabs-item-title\">Speisekarten<\/span><\/button><\/div><\/div><div class=\"w-tabs-sections titles-align_none icon_chevron cpos_right\"><div class=\"w-tabs-section active\" id=\"fbe7\"><button class=\"w-tabs-section-header active\" aria-controls=\"content-fbe7\" aria-expanded=\"true\"><h4 class=\"w-tabs-section-title\">Infos<\/h4><div class=\"w-tabs-section-control\"><\/div><\/button><div  class=\"w-tabs-section-content\" id=\"content-fbe7\"><div class=\"w-tabs-section-content-h i-cf\"><div class=\"g-cols wpb_row via_grid cols_1 laptops-cols_inherit tablets-cols_inherit mobiles-cols_1 valign_top type_default stacking_default\" style=\"--columns-gap:3rem;\"><div class=\"wpb_column vc_column_container\"><div class=\"vc_column-inner\"><div class=\"w-btn-wrapper align_none\"><a class=\"w-btn us-btn-style_2\" href=\"https:\/\/ristorante-dalivio.de\/wp-content\/uploads\/2025\/12\/WhatsApp-Image-2025-12-18-at-11.14.27.jpeg\"><span class=\"w-btn-label\">\u00d6ffnungszeiten<\/span><\/a><\/div><div class=\"w-btn-wrapper align_none\"><a class=\"w-btn us-btn-style_2\" href=\"https:\/\/ristorante-dalivio.de\/wp-content\/uploads\/2025\/12\/WhatsApp-Image-2025-12-18-at-11.14.40.jpeg\"><span class=\"w-btn-label\">Glutenfreie Pizzen<\/span><\/a><\/div><\/div><\/div><\/div><\/div><\/div><\/div><div class=\"w-tabs-section\" id=\"aa1a\"><button class=\"w-tabs-section-header\" aria-controls=\"content-aa1a\" aria-expanded=\"false\"><h4 class=\"w-tabs-section-title\">Events<\/h4><div class=\"w-tabs-section-control\"><\/div><\/button><div  class=\"w-tabs-section-content\" id=\"content-aa1a\"><div class=\"w-tabs-section-content-h i-cf\"><div class=\"g-cols wpb_row via_grid cols_2 laptops-cols_inherit tablets-cols_inherit mobiles-cols_1 valign_top type_default stacking_default\" style=\"--columns-gap:3rem;\"><div class=\"wpb_column vc_column_container\"><div class=\"vc_column-inner\"><div class=\"w-btn-wrapper align_left\"><a class=\"w-btn us-btn-style_2 wplightbox\" href=\"https:\/\/ristorante-dalivio.de\/wp-content\/uploads\/2025\/11\/DienstagPizzanolimit.pdf\"><span class=\"w-btn-label\">Immer Dienstags Pizza No Limit<\/span><\/a><\/div><\/div><\/div><div class=\"wpb_column vc_column_container\"><div class=\"vc_column-inner\"><div class=\"w-image align_none\"><div class=\"w-image-h\"><img decoding=\"async\" width=\"501\" height=\"686\" src=\"https:\/\/ristorante-dalivio.de\/wp-content\/uploads\/2026\/02\/Aldo_01.png\" class=\"attachment-large size-large\" alt=\"\" loading=\"lazy\" srcset=\"https:\/\/ristorante-dalivio.de\/wp-content\/uploads\/2026\/02\/Aldo_01.png 501w, https:\/\/ristorante-dalivio.de\/wp-content\/uploads\/2026\/02\/Aldo_01-73x100.png 73w\" sizes=\"auto, (max-width: 501px) 100vw, 501px\" \/><\/div><\/div><\/div><\/div><\/div><\/div><\/div><\/div><div class=\"w-tabs-section\" id=\"mec2\"><button class=\"w-tabs-section-header\" aria-controls=\"content-mec2\" aria-expanded=\"false\"><h4 class=\"w-tabs-section-title\">Speisekarten<\/h4><div class=\"w-tabs-section-control\"><\/div><\/button><div  class=\"w-tabs-section-content\" id=\"content-mec2\"><div class=\"w-tabs-section-content-h i-cf\"><div class=\"g-cols wpb_row via_grid cols_1 laptops-cols_inherit tablets-cols_inherit mobiles-cols_1 valign_top type_default stacking_default\" style=\"--columns-gap:3rem;\"><div class=\"wpb_column vc_column_container\"><div class=\"vc_column-inner\"><div class=\"w-btn-wrapper align_left\"><a class=\"w-btn us-btn-style_2 wplightbox\" href=\"https:\/\/ristorante-dalivio.de\/wp-content\/uploads\/2025\/12\/Speisekarte-Da-Livio.pdf\"><span class=\"w-btn-label\">Speisekarte<\/span><\/a><\/div><div class=\"w-btn-wrapper align_left\"><a class=\"w-btn us-btn-style_2 wplightbox\" href=\"https:\/\/ristorante-dalivio.de\/wp-content\/uploads\/2024\/09\/Pinsa-Karte.pdf\"><span class=\"w-btn-label\">Pinsa-Karte<\/span><\/a><\/div><div class=\"w-btn-wrapper align_left\"><a class=\"w-btn us-btn-style_2 wplightbox\" href=\"https:\/\/ristorante-dalivio.de\/wp-content\/uploads\/2025\/03\/Sonntagskarte08032025.pdf\"><span class=\"w-btn-label\">Sonntagskarte<\/span><\/a><\/div><div class=\"w-btn-wrapper align_none\"><a class=\"w-btn us-btn-style_2\" href=\"https:\/\/ristorante-dalivio.de\/wp-content\/uploads\/2025\/11\/Wochenkarte13112025.pdf\"><span class=\"w-btn-label\">Wochenmen\u00fc<\/span><\/a><\/div><div class=\"w-btn-wrapper align_none\"><a class=\"w-btn us-btn-style_2\" href=\"https:\/\/ristorante-dalivio.de\/wp-content\/uploads\/2026\/03\/DaLivi30031026.pdf\"><span class=\"w-btn-label\">Monatskarte<\/span><\/a><\/div><\/div><\/div><\/div><\/div><\/div><\/div><\/div><\/div><\/div><\/div><div class=\"wpb_column vc_column_container\"><div class=\"vc_column-inner\"><div class=\"w-scroller style_1 pos_right with_dots\" aria-hidden=\"true\" data-speed=\"1000\" data-disablewidth=\"8500\"><div class=\"w-scroller-dots\" style=\"font-size:14px;\"><div class=\"w-scroller-dot\" role=\"button\"><span><\/span><\/div><\/div><\/div><\/div><\/div><\/div><\/div><\/section><section class=\"l-section wpb_row us_custom_2aa54a5e height_small color_secondary\"><div class=\"l-section-h i-cf\"><div class=\"g-cols vc_row via_grid cols_1 laptops-cols_inherit tablets-cols_inherit mobiles-cols_1 valign_top type_default stacking_default\"><div class=\"wpb_column vc_column_container\"><div class=\"vc_column-inner\"><div class=\"wpb_text_column\"><div class=\"wpb_wrapper\"><h2>Die Winterloge \u2013 Genuss mit Aussicht<\/h2>\n<\/div><\/div><div class=\"w-separator size_large\"><\/div><div class=\"w-tabs layout_hor style_radio switch_click remove_indents\" style=\"--sections-title-size:1.5rem\" data-accordion-at-width=\"1024\"><div class=\"w-tabs-list items_4 align_none\" style=\"font-family:var(--h1-font-family);\"><div class=\"w-tabs-list-h\"><button class=\"w-tabs-item active\" aria-controls=\"content-k68b\" aria-expanded=\"false\"><span class=\"w-tabs-item-title\">Genuss<\/span><\/button><button class=\"w-tabs-item\" aria-controls=\"content-p333\" aria-expanded=\"false\"><span class=\"w-tabs-item-title\">Feiern<\/span><\/button><button class=\"w-tabs-item\" aria-controls=\"content-b325\" aria-expanded=\"false\"><span class=\"w-tabs-item-title\">Winterloge<\/span><\/button><button class=\"w-tabs-item\" aria-controls=\"content-o16d\" aria-expanded=\"false\"><span class=\"w-tabs-item-title\">Ambiente<\/span><\/button><\/div><\/div><div class=\"w-tabs-sections titles-align_none icon_chevron cpos_right\"><div class=\"w-tabs-section active\" id=\"k68b\"><button class=\"w-tabs-section-header active\" aria-controls=\"content-k68b\" aria-expanded=\"true\"><h4 class=\"w-tabs-section-title\">Genuss<\/h4><div class=\"w-tabs-section-control\"><\/div><\/button><div  class=\"w-tabs-section-content\" id=\"content-k68b\"><div class=\"w-tabs-section-content-h i-cf\"><div class=\"g-cols wpb_row via_grid cols_2 laptops-cols_1 tablets-cols_inherit mobiles-cols_1 valign_middle type_default stacking_default\" style=\"--columns-gap:5vw;\"><div class=\"wpb_column vc_column_container\"><div class=\"vc_column-inner\"><div class=\"wpb_text_column\"><div class=\"wpb_wrapper\"><h3>Italienische K\u00fcche mit Herz<\/h3>\n<p>Unsere K\u00fcche steht f\u00fcr authentischen Geschmack \u2013 hausgemachte Pasta, frische Zutaten und Rezepte, die seit Generationen \u00fcberliefert sind. Jedes Gericht erz\u00e4hlt ein St\u00fcck Italien und wird mit Liebe und Leidenschaft zubereitet. Vom klassischen Risotto bis zur knusprigen Pizza \u2013 Buon appetito!<\/p>\n<\/div><\/div><\/div><\/div><div class=\"wpb_column vc_column_container stretched\"><div class=\"vc_column-inner\"><div class=\"w-image us_custom_2d96a596 has_ratio align_none\"><div class=\"w-image-h\"><div style=\"padding-bottom:56.25%\"><\/div><img decoding=\"async\" width=\"1140\" height=\"641\" src=\"https:\/\/ristorante-dalivio.de\/wp-content\/uploads\/2025\/10\/a16cb8ce-5678-4f10-8881-9dc07335215c.jpg\" class=\"attachment-large size-large\" alt=\"\" loading=\"lazy\" \/><\/div><\/div><\/div><\/div><\/div><\/div><\/div><\/div><div class=\"w-tabs-section\" id=\"p333\"><button class=\"w-tabs-section-header\" aria-controls=\"content-p333\" aria-expanded=\"false\"><h4 class=\"w-tabs-section-title\">Feiern<\/h4><div class=\"w-tabs-section-control\"><\/div><\/button><div  class=\"w-tabs-section-content\" id=\"content-p333\"><div class=\"w-tabs-section-content-h i-cf\"><div class=\"g-cols wpb_row via_grid cols_2 laptops-cols_1 tablets-cols_inherit mobiles-cols_1 valign_middle type_default stacking_default\" style=\"--columns-gap:5vw;\"><div class=\"wpb_column vc_column_container\"><div class=\"vc_column-inner\"><div class=\"wpb_text_column\"><div class=\"wpb_wrapper\"><h3>Perfekt f\u00fcr jeden Anlass<\/h3>\n<p>Ob Geburtstag, Familienfeier oder Firmenessen \u2013 unsere Winterloge bietet den idealen Rahmen. Wir gestalten Ihr Event individuell \u2013 mit festlicher Dekoration, abgestimmtem Men\u00fc und italienischem Flair. Reservieren Sie rechtzeitig und sichern Sie sich Ihren Platz im Herzen des Winters.<\/p>\n<\/div><\/div><\/div><\/div><div class=\"wpb_column vc_column_container stretched\"><div class=\"vc_column-inner\"><div class=\"w-image us_custom_2d96a596 has_ratio align_none\"><div class=\"w-image-h\"><div style=\"padding-bottom:56.25%\"><\/div><img decoding=\"async\" width=\"1140\" height=\"855\" src=\"https:\/\/ristorante-dalivio.de\/wp-content\/uploads\/2025\/10\/685436cb-7534-4e5a-8a17-beb68d74f825-2000x1500.jpg\" class=\"attachment-large size-large\" alt=\"\" loading=\"lazy\" \/><\/div><\/div><\/div><\/div><\/div><\/div><\/div><\/div><div class=\"w-tabs-section\" id=\"b325\"><button class=\"w-tabs-section-header\" aria-controls=\"content-b325\" aria-expanded=\"false\"><h4 class=\"w-tabs-section-title\">Winterloge<\/h4><div class=\"w-tabs-section-control\"><\/div><\/button><div  class=\"w-tabs-section-content\" id=\"content-b325\"><div class=\"w-tabs-section-content-h i-cf\"><div class=\"g-cols wpb_row via_grid cols_2 laptops-cols_1 tablets-cols_inherit mobiles-cols_1 valign_middle type_default stacking_default\" style=\"--columns-gap:5vw;\"><div class=\"wpb_column vc_column_container\"><div class=\"vc_column-inner\"><div class=\"wpb_text_column\"><div class=\"wpb_wrapper\"><h3>Die Winterloge \u2013 Genuss mit Aussicht<\/h3>\n<p>Erleben Sie gem\u00fctliche Stunden in unserer beheizten Winterloge . Ob romantisches Dinner oder geselliges Beisammensein \u2013 hier wird jeder Moment einzigartig. Lassen Sie sich mit italienischen Spezialit\u00e4ten verw\u00f6hnen und genie\u00dfen Sie den Zauber des Winters in wohliger W\u00e4rme.<\/p>\n<\/div><\/div><\/div><\/div><div class=\"wpb_column vc_column_container stretched\"><div class=\"vc_column-inner\"><div class=\"w-image us_custom_2d96a596 has_ratio align_none\"><div class=\"w-image-h\"><div style=\"padding-bottom:56.25%\"><\/div><img decoding=\"async\" width=\"1140\" height=\"1520\" src=\"https:\/\/ristorante-dalivio.de\/wp-content\/uploads\/2025\/10\/10c47afa-aea0-41d8-b823-9fb54e273833-1500x2000.jpg\" class=\"attachment-large size-large\" alt=\"\" loading=\"lazy\" \/><\/div><\/div><\/div><\/div><\/div><\/div><\/div><\/div><div class=\"w-tabs-section\" id=\"o16d\"><button class=\"w-tabs-section-header\" aria-controls=\"content-o16d\" aria-expanded=\"false\"><h4 class=\"w-tabs-section-title\">Ambiente<\/h4><div class=\"w-tabs-section-control\"><\/div><\/button><div  class=\"w-tabs-section-content us_custom_2d96a596\" id=\"content-o16d\"><div class=\"w-tabs-section-content-h i-cf\"><div class=\"g-cols wpb_row via_grid cols_2 laptops-cols_1 tablets-cols_inherit mobiles-cols_1 valign_middle type_default stacking_default\" style=\"--columns-gap:5vw;\"><div class=\"wpb_column vc_column_container\"><div class=\"vc_column-inner\"><div class=\"wpb_text_column\"><div class=\"wpb_wrapper\"><h3>Wohlf\u00fchlambiente &amp; italienische Gastfreundschaft<\/h3>\n<p data-start=\"1496\" data-end=\"1783\">Bei uns f\u00fchlen Sie sich wie in Italien \u2013 herzlich empfangen, pers\u00f6nlich betreut und rundum verw\u00f6hnt. Genie\u00dfen Sie den Duft von frisch gebr\u00fchtem Espresso, und das L\u00e4cheln unseres Teams. Willkommen in unserer Winterloge \u2013 willkommen in Ihrer italienischen Auszeit.<\/p>\n<\/div><\/div><\/div><\/div><div class=\"wpb_column vc_column_container stretched\"><div class=\"vc_column-inner\"><div class=\"w-image us_custom_2d96a596 has_ratio align_none\"><div class=\"w-image-h\"><div style=\"padding-bottom:56.25%\"><\/div><img decoding=\"async\" width=\"1140\" height=\"855\" src=\"https:\/\/ristorante-dalivio.de\/wp-content\/uploads\/2025\/10\/f3bb068a-192e-4c49-bc84-afccd056127e-2000x1500.jpg\" class=\"attachment-large size-large\" alt=\"\" loading=\"lazy\" \/><\/div><\/div><\/div><\/div><\/div><\/div><\/div><\/div><\/div><\/div><\/div><\/div><\/div><\/div><\/section><section class=\"l-section wpb_row height_small full_height valign_center\"><div class=\"l-section-overlay\" style=\"background:#2e2925\"><\/div><div class=\"l-section-h i-cf\"><div class=\"g-cols vc_row via_grid cols_2 laptops-cols_inherit tablets-cols_inherit mobiles-cols_1 valign_top type_default stacking_default\"><div class=\"wpb_column vc_column_container\"><div class=\"vc_column-inner\"><div class=\"w-separator size_huge\"><\/div><div class=\"w-image us_custom_9f937d8d style_circle align_none\"><div class=\"w-image-h\"><img decoding=\"async\" width=\"1140\" height=\"1520\" src=\"https:\/\/ristorante-dalivio.de\/wp-content\/uploads\/2025\/03\/DaLivioFamily-1500x2000.jpeg\" class=\"attachment-large size-large\" alt=\"\" loading=\"lazy\" srcset=\"https:\/\/ristorante-dalivio.de\/wp-content\/uploads\/2025\/03\/DaLivioFamily-1500x2000.jpeg 1500w, https:\/\/ristorante-dalivio.de\/wp-content\/uploads\/2025\/03\/DaLivioFamily-1050x1400.jpeg 1050w, https:\/\/ristorante-dalivio.de\/wp-content\/uploads\/2025\/03\/DaLivioFamily-75x100.jpeg 75w, https:\/\/ristorante-dalivio.de\/wp-content\/uploads\/2025\/03\/DaLivioFamily-scaled.jpeg 1920w\" sizes=\"auto, (max-width: 1140px) 100vw, 1140px\" \/><\/div><\/div><\/div><\/div><div class=\"wpb_column vc_column_container\"><div class=\"vc_column-inner\"><div class=\"w-separator size_custom\" style=\"height:350px\"><\/div><div class=\"w-text us_custom_de82079f\"><span class=\"w-text-h\"><span class=\"w-text-value\">Wir sind Ihr italienisches Ristorante in Wolnzach<\/span><\/span><\/div><div class=\"w-separator size_medium\"><\/div><div class=\"w-text us_custom_de82079f\"><span class=\"w-text-h\"><span class=\"w-text-value\">Ihr Gastgeber &#8211; Livio Nunzio Francesco Annunziata<\/span><\/span><\/div><\/div><\/div><\/div><\/div><\/section><section class=\"l-section wpb_row height_small full_height valign_center color_primary with_img parallax_ver\"><div class=\"l-section-img\" role=\"img\" aria-label=\"Immagine\" data-img-width=\"1280\" data-img-height=\"848\" style=\"background-image: url(https:\/\/ristorante-dalivio.de\/wp-content\/uploads\/2023\/12\/wine-541922_1280.jpg);\"><\/div><div class=\"l-section-overlay\" style=\"background:rgba(0,0,0,0.55)\"><\/div><div class=\"l-section-h i-cf\"><div class=\"g-cols vc_row via_grid cols_1 laptops-cols_inherit tablets-cols_inherit mobiles-cols_1 valign_top type_default stacking_default\"><div class=\"wpb_column vc_column_container\"><div class=\"vc_column-inner\"><h2 class=\"w-text us_custom_58ca1f94\"><span class=\"w-text-h\"><span class=\"w-text-value\">Unsere Speisen<\/span><\/span><\/h2><\/div><\/div><div class=\"wpb_column vc_column_container\"><div class=\"vc_column-inner\"><div class=\"g-cols wpb_row us_custom_ffbdda82 via_grid cols_4 laptops-cols_inherit tablets-cols_inherit mobiles-cols_2 valign_middle type_default stacking_default\" style=\"--columns-gap:1.5rem;--laptops-columns-gap:1.5rem;--tablets-columns-gap:1.5rem;--mobiles-columns-gap:1.8rem;\"><div class=\"wpb_column vc_column_container\"><div class=\"vc_column-inner\"><div class=\"w-ibanner us_custom_7efdb920 wplightbox animation_phorcys ratio_1x1 easing_ease\"><a rel=\"nofollow\" href=\"https:\/\/ristorante-dalivio.de\/wp-content\/uploads\/2024\/07\/Vorspeisen-Da-Livio03.pdf\" aria-label=\"Antipasti\"><\/a><div class=\"w-ibanner-h\"><div class=\"w-ibanner-image\" style=\"background-image: url(https:\/\/ristorante-dalivio.de\/wp-content\/uploads\/2023\/12\/bruschetta-5699486_1920.jpg)\"><\/div><div class=\"w-ibanner-content\"><div class=\"w-ibanner-content-h\"><h3 class=\"w-ibanner-title\" style=\"font-size:calc(1.1rem + 0.3vw);\">Antipasti<\/h3><div class=\"w-ibanner-desc\"><\/div><\/div><\/div><\/div><\/div><\/div><\/div><div class=\"wpb_column vc_column_container\"><div class=\"vc_column-inner\"><div class=\"w-ibanner us_custom_7efdb920 wplightbox animation_phorcys ratio_1x1 easing_ease\"><a href=\"https:\/\/ristorante-dalivio.de\/wp-content\/uploads\/2025\/03\/Hauptspeisen-Da-Livio-1803.pdf\" aria-label=\"Hauptspeisen\"><\/a><div class=\"w-ibanner-h\"><div class=\"w-ibanner-image\" style=\"background-image: url(https:\/\/ristorante-dalivio.de\/wp-content\/uploads\/2023\/12\/pizza-3000274_1920.jpg)\"><\/div><div class=\"w-ibanner-content\"><div class=\"w-ibanner-content-h\"><h3 class=\"w-ibanner-title\" style=\"font-size:calc(1.1rem + 0.3vw);\">Hauptspeisen<\/h3><div class=\"w-ibanner-desc\"><\/div><\/div><\/div><\/div><\/div><\/div><\/div><div class=\"wpb_column vc_column_container\"><div class=\"vc_column-inner\"><div class=\"w-ibanner us_custom_7efdb920 wplightbox animation_phorcys ratio_1x1 easing_ease\"><a href=\"https:\/\/ristorante-dalivio.de\/wp-content\/uploads\/2024\/06\/Desserts-Da-Livio-1.pdf\" aria-label=\"Desserts\"><\/a><div class=\"w-ibanner-h\"><div class=\"w-ibanner-image\" style=\"background-image: url(https:\/\/ristorante-dalivio.de\/wp-content\/uploads\/2023\/12\/dessert-1366380_1920.jpg)\"><\/div><div class=\"w-ibanner-content\"><div class=\"w-ibanner-content-h\"><h3 class=\"w-ibanner-title\" style=\"font-size:calc(1.1rem + 0.3vw);\">Desserts<\/h3><div class=\"w-ibanner-desc\"><\/div><\/div><\/div><\/div><\/div><\/div><\/div><div class=\"wpb_column vc_column_container\"><div class=\"vc_column-inner\"><div class=\"w-ibanner us_custom_7efdb920 wplightbox animation_phorcys ratio_1x1 easing_ease\"><a href=\"https:\/\/ristorante-dalivio.de\/wp-content\/uploads\/2024\/06\/Getraenke-Da-Livio-1.pdf\" aria-label=\"Getr\u00e4nke\"><\/a><div class=\"w-ibanner-h\"><div class=\"w-ibanner-image\" style=\"background-image: url(https:\/\/ristorante-dalivio.de\/wp-content\/uploads\/2023\/12\/wine-541922_1280.jpg)\"><\/div><div class=\"w-ibanner-content\"><div class=\"w-ibanner-content-h\"><h3 class=\"w-ibanner-title\" style=\"font-size:calc(1.1rem + 0.3vw);\">Getr\u00e4nke<\/h3><div class=\"w-ibanner-desc\"><\/div><\/div><\/div><\/div><\/div><\/div><\/div><\/div><\/div><\/div><\/div><\/div><\/section><section class=\"l-section wpb_row height_medium\"><div class=\"l-section-h i-cf\"><div class=\"g-cols vc_row via_grid cols_1 laptops-cols_inherit tablets-cols_inherit mobiles-cols_1 valign_top type_default stacking_default\"><div class=\"wpb_column vc_column_container\"><div class=\"vc_column-inner\"><div class=\"w-html\"><script src=\"https:\/\/cloud.ccm19.de\/app.js?apiKey=f1ac5297e51b10afd6275a7a4f15e661b283ec9cf5087ef3&amp;domain=69c3b9e1de4ce068550495b2\" referrerpolicy=\"origin\"><\/script><\/div><\/div><\/div><\/div><\/div><\/section>","protected":false},"excerpt":{"rendered":"Ristorante Da LivioIhr italienisches Ristorante im Herzen von WolnzachInfosEventsSpeisekartenInfos\u00d6ffnungszeitenGlutenfreie PizzenEventsImmer Dienstags Pizza No LimitSpeisekartenSpeisekartePinsa-KarteSonntagskarteWochenmen\u00fcMonatskarteDie Winterloge \u2013 Genuss mit Aussicht GenussFeiernWinterlogeAmbienteGenussItalienische K\u00fcche mit Herz Unsere K\u00fcche steht f\u00fcr authentischen Geschmack \u2013 hausgemachte Pasta, frische Zutaten und Rezepte, die seit Generationen \u00fcberliefert sind. Jedes Gericht erz\u00e4hlt ein St\u00fcck Italien und wird mit Liebe und Leidenschaft zubereitet. Vom...","protected":false},"author":1,"featured_media":0,"parent":0,"menu_order":0,"comment_status":"closed","ping_status":"closed","template":"","meta":{"footnotes":""},"class_list":["post-1807","page","type-page","status-publish","hentry"],"aioseo_notices":[],"_links":{"self":[{"href":"https:\/\/ristorante-dalivio.de\/it\/wp-json\/wp\/v2\/pages\/1807","targetHints":{"allow":["GET"]}}],"collection":[{"href":"https:\/\/ristorante-dalivio.de\/it\/wp-json\/wp\/v2\/pages"}],"about":[{"href":"https:\/\/ristorante-dalivio.de\/it\/wp-json\/wp\/v2\/types\/page"}],"author":[{"embeddable":true,"href":"https:\/\/ristorante-dalivio.de\/it\/wp-json\/wp\/v2\/users\/1"}],"replies":[{"embeddable":true,"href":"https:\/\/ristorante-dalivio.de\/it\/wp-json\/wp\/v2\/comments?post=1807"}],"version-history":[{"count":328,"href":"https:\/\/ristorante-dalivio.de\/it\/wp-json\/wp\/v2\/pages\/1807\/revisions"}],"predecessor-version":[{"id":2778,"href":"https:\/\/ristorante-dalivio.de\/it\/wp-json\/wp\/v2\/pages\/1807\/revisions\/2778"}],"wp:attachment":[{"href":"https:\/\/ristorante-dalivio.de\/it\/wp-json\/wp\/v2\/media?parent=1807"}],"curies":[{"name":"wp","href":"https:\/\/api.w.org\/{rel}","templated":true}]}}